{"id":4687,"date":"2022-10-07T13:30:42","date_gmt":"2022-10-07T10:30:42","guid":{"rendered":"https:\/\/atillafesli.com\/abstehende-ohroperation\/"},"modified":"2023-05-25T10:41:50","modified_gmt":"2023-05-25T07:41:50","slug":"abstehende-ohroperation","status":"publish","type":"page","link":"https:\/\/atillafesli.com\/de\/abstehende-ohroperation\/","title":{"rendered":"Abstehende Ohroperation"},"content":{"rendered":"\t\t<div data-elementor-type=\"wp-page\" data-elementor-id=\"4687\" class=\"elementor elementor-4687 elementor-525\">\n\t\t\t\t\t\t<section class=\"elementor-section elementor-top-section elementor-element elementor-element-7ca5f1d7 elementor-section-boxed elementor-section-height-default elementor-section-height-default\" data-id=\"7ca5f1d7\" data-element_type=\"section\" data-settings=\"{&quot;background_background&quot;:&quot;classic&quot;,&quot;_ha_eqh_enable&quot;:false}\">\n\t\t\t\t\t\t\t<div class=\"elementor-background-overlay\"><\/div>\n\t\t\t\t\t\t\t<div class=\"elementor-container elementor-column-gap-default\">\n\t\t\t\t\t<div class=\"elementor-column elementor-col-100 elementor-top-column elementor-element elementor-element-749f4d23\" data-id=\"749f4d23\" data-element_type=\"column\">\n\t\t\t<div class=\"elementor-widget-wrap elementor-element-populated\">\n\t\t\t\t\t\t\t<\/div>\n\t\t<\/div>\n\t\t\t\t\t<\/div>\n\t\t<\/section>\n\t\t\t\t<section class=\"elementor-section elementor-top-section elementor-element elementor-element-15581af elementor-section-boxed elementor-section-height-default elementor-section-height-default\" data-id=\"15581af\" data-element_type=\"section\" data-settings=\"{&quot;_ha_eqh_enable&quot;:false}\">\n\t\t\t\t\t\t<div class=\"elementor-container elementor-column-gap-default\">\n\t\t\t\t\t<div class=\"elementor-column elementor-col-50 elementor-top-column elementor-element elementor-element-1dc3751\" data-id=\"1dc3751\" data-element_type=\"column\">\n\t\t\t<div class=\"elementor-widget-wrap elementor-element-populated\">\n\t\t\t\t\t\t<div class=\"elementor-element elementor-element-acbdd94 elementor-widget elementor-widget-text-editor\" data-id=\"acbdd94\" data-element_type=\"widget\" data-widget_type=\"text-editor.default\">\n\t\t\t\t<div class=\"elementor-widget-container\">\n\t\t\t<style>\/*! elementor - v3.23.0 - 25-07-2024 *\/\n.elementor-widget-text-editor.elementor-drop-cap-view-stacked .elementor-drop-cap{background-color:#69727d;color:#fff}.elementor-widget-text-editor.elementor-drop-cap-view-framed .elementor-drop-cap{color:#69727d;border:3px solid;background-color:transparent}.elementor-widget-text-editor:not(.elementor-drop-cap-view-default) .elementor-drop-cap{margin-top:8px}.elementor-widget-text-editor:not(.elementor-drop-cap-view-default) .elementor-drop-cap-letter{width:1em;height:1em}.elementor-widget-text-editor .elementor-drop-cap{float:left;text-align:center;line-height:1;font-size:50px}.elementor-widget-text-editor .elementor-drop-cap-letter{display:inline-block}<\/style>\t\t\t\t<h2 class=\"p1\"><b>Was ist eine abstehende Ohroperation?<\/b><\/h2>\n<p class=\"p3\">Eine Operation abstehender Ohren wird in der Regel durchgef\u00fchrt, um die abstehenden Ohren n\u00e4her an den Kopf zu bringen, ihre fehlenden Falten zu formen oder gro\u00dfe Ohren zu verkleinern. Diese Operation wird in der Regel ab einem Alter von 6 Jahren durchgef\u00fchrt.<\/p>\n<p class=\"p3\">Viele Chirurgen empfehlen Eltern, auf die Gef\u00fchle ihrer Kinder in Bezug auf abstehende Ohren zu achten. Bestehen Sie nicht auf einer Operation, bis Ihr Kind eine Ver\u00e4nderung w\u00fcnscht. Kinder, denen die Form ihrer Ohren unangenehm ist und die sich einer Operation unterziehen m\u00f6chten, sind im Allgemeinen w\u00e4hrend des Eingriffs anpassungsf\u00e4higer. Beim ersten Treffen beurteilt der Arzt die Situation des Patienten und empfiehlt die effektivste Technik. Au\u00dferdem wird erkl\u00e4rt, wie man sich auf einen chirurgischen Eingriff vorbereitet.<\/p>\n<p class=\"p3\">Eine abstehende Ohroperation wird in der Regel ambulant durchgef\u00fchrt (ambulante operative Behandlung). Manchmal schl\u00e4gt Ihr Arzt vor, den Eingriff im Krankenhaus durchf\u00fchren zu lassen. In diesem Fall k\u00f6nnen Sie eine Nacht im Krankenhaus verbringen.<\/p>\n<p class=\"p3\">Wenn Ihr Kind klein ist, empfiehlt Ihr Arzt m\u00f6glicherweise eine Vollnarkose, damit Ihr Kind w\u00e4hrend der gesamten Operation tief schl\u00e4ft. Bei \u00e4lteren Kindern oder Erwachsenen empfiehlt Ihr Arzt m\u00f6glicherweise eine Lokalan\u00e4sthesie in Kombination mit einem Beruhigungsmittel. In diesem Fall ist der Patient wach, aber entspannt.<\/p>\n<p class=\"p3\">Die Operation einer Otoplastik dauert 1,5\u20132 Stunden. Komplizierte F\u00e4lle k\u00f6nnen l\u00e4nger dauern. Je nach Problem im Ohr kann sich die Operationstechnik \u00e4ndern. Normalerweise wird das Knorpelgewebe durch einen Schnitt von der R\u00fcckseite des Ohrs aus erreicht. Manchmal werden Abschnitte aus dem Knorpelgewebe entfernt oder das Ohr wird geformt, indem sanft am Knorpel gekratzt wird, ohne das Gewebe zu entfernen.<\/p>\n<p class=\"p3\">Das Ohr wird nach hinten geklappt, ohne die anatomische Faltenstruktur zu st\u00f6ren. Dar\u00fcber hinaus werden dauerhafte N\u00e4hte angebracht, um eine erneute \u00d6ffnung zu verhindern.<\/p>\n<p class=\"p3\">Hautn\u00e4hte werden zuletzt gelegt. Da bei dieser Operation der Schnitt vom Hintergrund des Ohrs aus erfolgt, sind im Nachhinein keine Spuren zu sehen. Dem Patienten wird ein leichter Druckverband angelegt.<\/p>\n<p class=\"p1\"><b>POSTOPERATIV<\/b><\/p>\n<p class=\"p1\">Erwachsene und Kinder k\u00f6nnen einige Stunden nach der Operation aufstehen, herumlaufen und nach Hause gehen. Der Kopf des Patienten wird am Ende der Operation umwickelt, um die Formung und Heilung zu erleichtern. Die Ohren k\u00f6nnen einige Tage lang schmerzen, diese Beschwerden k\u00f6nnen jedoch mit Medikamenten gelindert werden.<\/p>\n<p class=\"p1\">Nach 2-4 Tagen wird dieser Verband entfernt und der Kopf mit einem leichteren Verband umwickelt. Nach dem Entfernen dieser Verb\u00e4nde empfiehlt sich das Tragen eines Stirnbandes, insbesondere f\u00fcr den Einsatz in der Nacht. Die Verwendung dieses Bandes tags\u00fcber tr\u00e4gt dazu bei, die Form des Ohrs besser beizubehalten. Die F\u00e4den werden in der Regel innerhalb einer Woche entfernt oder es k\u00f6nnen selbstaufl\u00f6sende F\u00e4den verwendet werden. Jede Aktivit\u00e4t, die das Ohr verbiegt, sollte 1,5 Monate lang vermieden werden. Die meisten Erwachsenen k\u00f6nnen in etwa 10 Tagen wieder arbeiten. Kinder k\u00f6nnen nach etwa 7 Tagen zur Schule gehen, m\u00fcssen aber bei Aktivit\u00e4ten vorsichtig sein.<\/p>\n<p class=\"p1\">Jede Aktivit\u00e4t, die das Ohr verbiegt, sollte eineinhalb Monate lang vermieden werden. Die meisten Erwachsenen k\u00f6nnen in etwa zehn Tagen wieder arbeiten. Kinder k\u00f6nnen in etwa sieben Tagen zur Schule gehen, m\u00fcssen aber bei Aktivit\u00e4ten vorsichtig sein. Sie k\u00f6nnen dabei den Lehrer Ihres Kindes um Hilfe bitten, um Ihr Kind einige Wochen lang im Auge zu behalten.<\/p>\n<h3 class=\"p1\">ANDERE ST\u00d6RUNGEN DER OHRFORM<\/h3>\n<p class=\"p1\">Abgesehen vom abstehenden Ohr gibt es noch andere Ohrenprobleme, die durch eine Operation korrigiert werden k\u00f6nnen. Bei denen mit \u201eH\u00e4ngeohr\u201c ist der obere Teil des Ohrs nach unten und vorne gebogen. Diejenigen mit \u201eSchalenohr\u201c haben sehr kleine Ohren. Bei Menschen mit \u201eMuschelohren\u201c kann davon ausgegangen werden, dass sie ein Ohr haben, bei dem die Kr\u00fcmmung am \u00e4u\u00dferen Rand sowie die nat\u00fcrlichen Falten und Linien verloren gehen. Dar\u00fcber hinaus k\u00f6nnen auch Operationen an gro\u00dfen Ohrl\u00e4ppchen durchgef\u00fchrt werden. Auch kann ein neues Ohr f\u00fcr diejenigen angefertigt werden, die ihre Ohren von Geburt an oder nach einem Unfall verloren haben. Manchmal bleibt eine Narbe zur\u00fcck, die schlimmer ist als das urspr\u00fcngliche Problem.<\/p>\n\t\t\t\t\t\t<\/div>\n\t\t\t\t<\/div>\n\t\t\t\t\t<\/div>\n\t\t<\/div>\n\t\t\t\t<div class=\"elementor-column elementor-col-50 elementor-top-column elementor-element elementor-element-0d779cf\" data-id=\"0d779cf\" data-element_type=\"column\">\n\t\t\t<div class=\"elementor-widget-wrap elementor-element-populated\">\n\t\t\t\t\t\t<section class=\"elementor-section elementor-inner-section elementor-element elementor-element-29238ff elementor-section-boxed elementor-section-height-default elementor-section-height-default\" data-id=\"29238ff\" data-element_type=\"section\" data-settings=\"{&quot;sticky&quot;:&quot;top&quot;,&quot;sticky_offset&quot;:50,&quot;sticky_parent&quot;:&quot;yes&quot;,&quot;_ha_eqh_enable&quot;:false,&quot;sticky_on&quot;:[&quot;desktop&quot;,&quot;tablet&quot;,&quot;mobile&quot;],&quot;sticky_effects_offset&quot;:0}\">\n\t\t\t\t\t\t<div class=\"elementor-container elementor-column-gap-default\">\n\t\t\t\t\t<div class=\"elementor-column elementor-col-100 elementor-inner-column elementor-element elementor-element-162e3c6\" data-id=\"162e3c6\" data-element_type=\"column\" data-settings=\"{&quot;background_background&quot;:&quot;classic&quot;}\">\n\t\t\t<div class=\"elementor-widget-wrap elementor-element-populated\">\n\t\t\t\t\t\t<div class=\"elementor-element elementor-element-01901c7 elementor-widget elementor-widget-heading\" data-id=\"01901c7\" data-element_type=\"widget\" data-widget_type=\"heading.default\">\n\t\t\t\t<div class=\"elementor-widget-container\">\n\t\t\t<style>\/*! elementor - v3.23.0 - 25-07-2024 *\/\n.elementor-heading-title{padding:0;margin:0;line-height:1}.elementor-widget-heading .elementor-heading-title[class*=elementor-size-]>a{color:inherit;font-size:inherit;line-height:inherit}.elementor-widget-heading .elementor-heading-title.elementor-size-small{font-size:15px}.elementor-widget-heading .elementor-heading-title.elementor-size-medium{font-size:19px}.elementor-widget-heading .elementor-heading-title.elementor-size-large{font-size:29px}.elementor-widget-heading .elementor-heading-title.elementor-size-xl{font-size:39px}.elementor-widget-heading .elementor-heading-title.elementor-size-xxl{font-size:59px}<\/style><h2 class=\"elementor-heading-title elementor-size-default\">F\u00fcllen Sie das Formular aus<br>Wir werden Sie anrufen<\/h2>\t\t<\/div>\n\t\t\t\t<\/div>\n\t\t\t\t<div class=\"elementor-element elementor-element-a9a780d elementor-widget elementor-widget-metform\" data-id=\"a9a780d\" data-element_type=\"widget\" data-widget_type=\"metform.default\">\n\t\t\t\t<div class=\"elementor-widget-container\">\n\t\t\t<div id=\"mf-response-props-id-300\" data-previous-steps-style=\"\" data-editswitchopen=\"\" data-response_type=\"alert\" data-erroricon=\"fas fa-exclamation-triangle\" data-successicon=\"fas fa-check\" data-messageposition=\"top\" class=\"   mf-scroll-top-no\">\n\t\t<div class=\"formpicker_warper formpicker_warper_editable\" data-metform-formpicker-key=\"300\" >\n\t\t\t\t\n\t\t\t<div class=\"mf-widget-container\">\n\t\t\t\t\r\n\t\t<div\r\n\t\t\tid=\"metform-wrap-a9a780d-300\"\r\n\t\t\tclass=\"mf-form-wrapper\"\r\n\t\t\tdata-form-id=\"300\"\r\n\t\t\tdata-action=\"https:\/\/atillafesli.com\/de\/wp-json\/metform\/v1\/entries\/insert\/300\"\r\n\t\t\tdata-wp-nonce=\"d5410c24b9\"\r\n\t\t\tdata-form-nonce=\"9da7feec1a\"\r\n\t\t\tdata-quiz-summery = \"false\"\r\n\t\t\tdata-save-progress = \"false\"\r\n\t\t\tdata-form-type=\"contact_form\"\r\n\t\t\tdata-stop-vertical-effect=\"\"\r\n\t\t\t><\/div>\r\n\r\n\r\n\t\t<!----------------------------- \r\n\t\t\t* controls_data : find the the props passed indie of data attribute\r\n\t\t\t* props.SubmitResponseMarkup : contains the markup of error or success message\r\n\t\t\t* https:\/\/developer.mozilla.org\/en-US\/docs\/Web\/JavaScript\/Reference\/Template_literals\r\n\t\t--------------------------- -->\r\n\r\n\t\t\t\t<script type=\"text\/mf\" class=\"mf-template\">\r\n\t\t\tfunction controls_data (value){\r\n\t\t\t\tlet currentWrapper = \"mf-response-props-id-300\";\r\n\t\t\t\tlet currentEl = document.getElementById(currentWrapper);\r\n\t\t\t\t\r\n\t\t\t\treturn currentEl ? currentEl.dataset[value] : false\r\n\t\t\t}\r\n\r\n\r\n\t\t\tlet is_edit_mode = '' ? true : false;\r\n\t\t\tlet message_position = controls_data('messageposition') || 'top';\r\n\r\n\t\t\t\r\n\t\t\tlet message_successIcon = controls_data('successicon') || '';\r\n\t\t\tlet message_errorIcon = controls_data('erroricon') || '';\r\n\t\t\tlet message_editSwitch = controls_data('editswitchopen') === 'yes' ? true : false;\r\n\t\t\tlet message_proClass = controls_data('editswitchopen') === 'yes' ? 'mf_pro_activated' : '';\r\n\t\t\t\r\n\t\t\tlet is_dummy_markup = is_edit_mode && message_editSwitch ? true : false;\r\n\r\n\t\t\t\r\n\t\t\treturn html`\r\n\t\t\t\t<form\r\n\t\t\t\t\tclassName=\"metform-form-content\"\r\n\t\t\t\t\tref=${parent.formContainerRef}\r\n\t\t\t\t\tonSubmit=${ validation.handleSubmit( parent.handleFormSubmit ) }\r\n\t\t\t\t\r\n\t\t\t\t\t>\r\n\t\t\t\r\n\t\t\t\r\n\t\t\t\t\t${is_dummy_markup ? message_position === 'top' ?  props.ResponseDummyMarkup(message_successIcon, message_proClass) : '' : ''}\r\n\t\t\t\t\t${is_dummy_markup ? ' ' :  message_position === 'top' ? props.SubmitResponseMarkup`${parent}${state}${message_successIcon}${message_errorIcon}${message_proClass}` : ''}\r\n\r\n\t\t\t\t\t<!--------------------------------------------------------\r\n\t\t\t\t\t*** IMPORTANT \/ DANGEROUS ***\r\n\t\t\t\t\t${html``} must be used as in immediate child of \"metform-form-main-wrapper\"\r\n\t\t\t\t\tclass otherwise multistep form will not run at all\r\n\t\t\t\t\t---------------------------------------------------------->\r\n\r\n\t\t\t\t\t<div className=\"metform-form-main-wrapper\" key=${'hide-form-after-submit'} ref=${parent.formRef}>\r\n\t\t\t\t\t${html`\r\n\t\t\t\t\t\t\t\t<div data-elementor-type=\"wp-post\" key=\"2\" data-elementor-id=\"300\" className=\"elementor elementor-300\">\n\t\t\t\t\t\t<section className=\"elementor-section elementor-top-section elementor-element elementor-element-cb3b9ec elementor-section-boxed elementor-section-height-default elementor-section-height-default\" data-id=\"cb3b9ec\" data-element_type=\"section\" data-settings=\"{&quot;background_background&quot;:&quot;classic&quot;,&quot;_ha_eqh_enable&quot;:false}\">\n\t\t\t\t\t\t<div className=\"elementor-container elementor-column-gap-no\">\n\t\t\t\t\t<div className=\"elementor-column elementor-col-100 elementor-top-column elementor-element elementor-element-39a098c\" data-id=\"39a098c\" data-element_type=\"column\">\n\t\t\t<div className=\"elementor-widget-wrap elementor-element-populated\">\n\t\t\t\t\t\t<div className=\"elementor-element elementor-element-222587a elementor-widget elementor-widget-mf-text\" data-id=\"222587a\" data-element_type=\"widget\" data-settings=\"{&quot;mf_input_name&quot;:&quot;isim-soyisim&quot;}\" data-widget_type=\"mf-text.default\">\n\t\t\t\t<div className=\"elementor-widget-container\">\n\t\t\t\r\n\t\t<div className=\"mf-input-wrapper\">\r\n\t\t\t\r\n\t\t\t<input\r\n\t\t\t\ttype=\"text\"\r\n\t\t\t\tclassName=\"mf-input mf-conditional-input\"\r\n\t\t\t\tid=\"mf-input-text-222587a\"\r\n\t\t\t\tname=\"isim-soyisim\"\r\n\t\t\t\tplaceholder=\"${ parent.decodeEntities(`\u0130sim ve Soyisim`) } \"\r\n\t\t\t\t\t\t\t\t\tonInput=${parent.handleChange}\r\n\t\t\t\t\tonBlur=${parent.handleChange}\r\n\t\t\t\t\taria-invalid=${validation.errors['isim-soyisim'] ? 'true' : 'false'}\r\n\t\t\t\t\tref=${el =>{\r\n\t\t\t\t\t\t\t\t\t\t\t\tparent.activateValidation({\"message\":\"Bu alan zorunludur.\",\"minLength\":3,\"maxLength\":\"\",\"type\":\"by_character_length\",\"required\":true,\"expression\":\"null\"}, el)\r\n\t\t\t\t\t}}\r\n\t\t\t\t\t\t\t\t\/>\r\n\r\n\t\t\t\t\t\t\t<${validation.ErrorMessage}\r\n\t\t\t\t\terrors=${validation.errors}\r\n\t\t\t\t\tname=\"isim-soyisim\"\r\n\t\t\t\t\tas=${html`<span className=\"mf-error-message\"><\/span>`}\r\n\t\t\t\t\t\/>\r\n\t\t\t\r\n\t\t\t\t\t<\/div>\r\n\r\n\t\t\t\t<\/div>\n\t\t\t\t<\/div>\n\t\t\t\t<div className=\"elementor-element elementor-element-0173163 elementor-widget elementor-widget-mf-email\" data-id=\"0173163\" data-element_type=\"widget\" data-settings=\"{&quot;mf_input_name&quot;:&quot;eposta&quot;}\" data-widget_type=\"mf-email.default\">\n\t\t\t\t<div className=\"elementor-widget-container\">\n\t\t\t\r\n\t\t<div className=\"mf-input-wrapper\">\r\n\t\t\t\r\n\t\t\t<input \r\n\t\t\t\ttype=\"email\" \r\n\t\t\t\t \r\n\t\t\t\tdefaultValue=\"\" \r\n\t\t\t\tclassName=\"mf-input mf-conditional-input\" \r\n\t\t\t\tid=\"mf-input-email-0173163\" \r\n\t\t\t\tname=\"eposta\" \r\n\t\t\t\tplaceholder=\"${ parent.decodeEntities(`E-Posta Adresiniz`) } \" \r\n\t\t\t\t \r\n\t\t\t\tonBlur=${parent.handleChange} onFocus=${parent.handleChange} aria-invalid=${validation.errors['eposta'] ? 'true' : 'false' } \r\n\t\t\t\tref=${el=> parent.activateValidation({\"message\":\"Bu alan zorunludur.\",\"emailMessage\":\"Please enter a valid Email address\",\"minLength\":1,\"maxLength\":\"\",\"type\":\"by_expresssion_based\",\"required\":false,\"expression\":\"@\"}, el)}\r\n\t\t\t\t\t\t\t\/>\r\n\r\n\t\t\t\t\t\t<${validation.ErrorMessage} \r\n\t\t\t\terrors=${validation.errors} \r\n\t\t\t\tname=\"eposta\" \r\n\t\t\t\tas=${html`<span className=\"mf-error-message\"><\/span>`}\r\n\t\t\t\/>\r\n\t\t\t\r\n\t\t\t\t\t<\/div>\r\n\r\n\t\t<\/div>\n\t\t\t\t<\/div>\n\t\t\t\t<div className=\"elementor-element elementor-element-5a7be2c elementor-widget elementor-widget-mf-textarea\" data-id=\"5a7be2c\" data-element_type=\"widget\" data-settings=\"{&quot;mf_input_name&quot;:&quot;mesaj&quot;}\" data-widget_type=\"mf-textarea.default\">\n\t\t\t\t<div className=\"elementor-widget-container\">\n\t\t\t\r\n\t\t<div className=\"mf-input-wrapper\">\r\n\t\t\t\r\n\t\t\t<textarea className=\"mf-input mf-textarea mf-conditional-input\" id=\"mf-input-text-area-5a7be2c\"\r\n\t\t\t\tname=\"mesaj\" \r\n\t\t\t\tplaceholder=\"${ parent.decodeEntities(`Mesaj\u0131n\u0131z`) } \"\r\n\t\t\t\tcols=\"30\" rows=\"10\"\r\n\t\t\t\t\t\t\t\t\tonInput=${ parent.handleChange }\r\n\t\t\t\t\taria-invalid=${validation.errors['mesaj'] ? 'true' : 'false'}\r\n\t\t\t\t\tref=${ el => parent.activateValidation({\"message\":\"This field is required.\",\"minLength\":1,\"maxLength\":\"\",\"type\":\"none\",\"required\":false,\"expression\":\"null\"}, el)}\r\n\t\t\t\t\t\t\t\t><\/textarea>\r\n\r\n\t\t\t\t\t\t\t<${validation.ErrorMessage}\r\n\t\t\t\t\terrors=${validation.errors}\r\n\t\t\t\t\tname=\"mesaj\"\r\n\t\t\t\t\tas=${html`<span className=\"mf-error-message\"><\/span>`}\r\n\t\t\t\t\t\/>\r\n\t\t\t\t\t\t\t\t<\/div>\r\n\r\n\t\t\t\t<\/div>\n\t\t\t\t<\/div>\n\t\t\t\t<div className=\"elementor-element elementor-element-eb25096 mf-btn--justify mf-btn--mobile-justify elementor-widget elementor-widget-mf-button\" data-id=\"eb25096\" data-element_type=\"widget\" data-widget_type=\"mf-button.default\">\n\t\t\t\t<div className=\"elementor-widget-container\">\n\t\t\t\t\t<div className=\"mf-btn-wraper mf-conditional-input\" data-mf-form-conditional-logic-requirement=\"\">\r\n\t\t\t\t\t\t\t<button type=\"submit\" className=\"metform-btn metform-submit-btn \" id=\"\">\r\n\t\t\t\t\t<span>${ parent.decodeEntities(`G\u00d6NDER`) } <\/span>\r\n\t\t\t\t<\/button>\r\n\t\t\t        <\/div>\r\n        \t\t<\/div>\n\t\t\t\t<\/div>\n\t\t\t\t\t<\/div>\n\t\t<\/div>\n\t\t\t\t\t<\/div>\n\t\t<\/section>\n\t\t\t\t<\/div>\n\t\t\t\t\t\t\t`}\r\n\t\t\t\t\t<\/div>\r\n\r\n\t\t\t\t\t${is_dummy_markup ? message_position === 'bottom' ? props.ResponseDummyMarkup(message_successIcon, message_proClass) : '' : ''}\r\n\t\t\t\t\t${is_dummy_markup ? ' ' : message_position === 'bottom' ? props.SubmitResponseMarkup`${parent}${state}${message_successIcon}${message_errorIcon}${message_proClass}` : ''}\r\n\t\t\t\t\r\n\t\t\t\t<\/form>\r\n\t\t\t`\r\n\t\t<\/script>\r\n\r\n\t\t\t\t\t<\/div>\n\t\t<\/div>\n\t\t<\/div>\t\t<\/div>\n\t\t\t\t<\/div>\n\t\t\t\t\t<\/div>\n\t\t<\/div>\n\t\t\t\t\t<\/div>\n\t\t<\/section>\n\t\t\t\t\t<\/div>\n\t\t<\/div>\n\t\t\t\t\t<\/div>\n\t\t<\/section>\n\t\t\t\t<section class=\"elementor-section elementor-top-section elementor-element elementor-element-5b27d92 elementor-section-boxed elementor-section-height-default elementor-section-height-default\" data-id=\"5b27d92\" data-element_type=\"section\" data-settings=\"{&quot;background_background&quot;:&quot;classic&quot;,&quot;_ha_eqh_enable&quot;:false}\">\n\t\t\t\t\t\t\t<div class=\"elementor-background-overlay\"><\/div>\n\t\t\t\t\t\t\t<div class=\"elementor-container elementor-column-gap-default\">\n\t\t\t\t\t<div class=\"elementor-column elementor-col-100 elementor-top-column elementor-element elementor-element-c48f533\" data-id=\"c48f533\" data-element_type=\"column\">\n\t\t\t<div class=\"elementor-widget-wrap elementor-element-populated\">\n\t\t\t\t\t\t<div class=\"elementor-element elementor-element-f21188d elementor-widget elementor-widget-heading\" data-id=\"f21188d\" data-element_type=\"widget\" data-widget_type=\"heading.default\">\n\t\t\t\t<div class=\"elementor-widget-container\">\n\t\t\t<h2 class=\"elementor-heading-title elementor-size-default\">Vereinbaren Sie ganz einfach einen Termin<\/h2>\t\t<\/div>\n\t\t\t\t<\/div>\n\t\t\t\t<section class=\"elementor-section elementor-inner-section elementor-element elementor-element-9611ef4 elementor-section-boxed elementor-section-height-default elementor-section-height-default\" data-id=\"9611ef4\" data-element_type=\"section\" data-settings=\"{&quot;_ha_eqh_enable&quot;:false}\">\n\t\t\t\t\t\t<div class=\"elementor-container elementor-column-gap-default\">\n\t\t\t\t\t<div class=\"elementor-column elementor-col-50 elementor-inner-column elementor-element elementor-element-ca19e55\" data-id=\"ca19e55\" data-element_type=\"column\">\n\t\t\t<div class=\"elementor-widget-wrap elementor-element-populated\">\n\t\t\t\t\t\t<div class=\"elementor-element elementor-element-f54a8d5 elementor-align-right elementor-mobile-align-justify elementor-widget elementor-widget-button\" data-id=\"f54a8d5\" data-element_type=\"widget\" data-widget_type=\"button.default\">\n\t\t\t\t<div class=\"elementor-widget-container\">\n\t\t\t\t\t<div class=\"elementor-button-wrapper\">\n\t\t\t<a class=\"elementor-button elementor-button-link elementor-size-xl\" href=\"https:\/\/api.whatsapp.com\/send?phone=905058254320\" target=\"_blank\" rel=\"noopener\">\n\t\t\t\t\t\t<span class=\"elementor-button-content-wrapper\">\n\t\t\t\t\t\t<span class=\"elementor-button-icon\">\n\t\t\t\t<i aria-hidden=\"true\" class=\"fab fa-whatsapp\"><\/i>\t\t\t<\/span>\n\t\t\t\t\t\t\t\t\t<span class=\"elementor-button-text\">Whatsapp<\/span>\n\t\t\t\t\t<\/span>\n\t\t\t\t\t<\/a>\n\t\t<\/div>\n\t\t\t\t<\/div>\n\t\t\t\t<\/div>\n\t\t\t\t\t<\/div>\n\t\t<\/div>\n\t\t\t\t<div class=\"elementor-column elementor-col-50 elementor-inner-column elementor-element elementor-element-a1d9993\" data-id=\"a1d9993\" data-element_type=\"column\">\n\t\t\t<div class=\"elementor-widget-wrap elementor-element-populated\">\n\t\t\t\t\t\t<div class=\"elementor-element elementor-element-e078096 elementor-align-left elementor-mobile-align-justify elementor-widget elementor-widget-button\" data-id=\"e078096\" data-element_type=\"widget\" data-widget_type=\"button.default\">\n\t\t\t\t<div class=\"elementor-widget-container\">\n\t\t\t\t\t<div class=\"elementor-button-wrapper\">\n\t\t\t<a class=\"elementor-button elementor-button-link elementor-size-xl\" href=\"https:\/\/atillafesli.com\/iletisim\/\">\n\t\t\t\t\t\t<span class=\"elementor-button-content-wrapper\">\n\t\t\t\t\t\t<span class=\"elementor-button-icon\">\n\t\t\t\t<i aria-hidden=\"true\" class=\"fas fa-phone-alt\"><\/i>\t\t\t<\/span>\n\t\t\t\t\t\t\t\t\t<span class=\"elementor-button-text\">Kontakt<\/span>\n\t\t\t\t\t<\/span>\n\t\t\t\t\t<\/a>\n\t\t<\/div>\n\t\t\t\t<\/div>\n\t\t\t\t<\/div>\n\t\t\t\t\t<\/div>\n\t\t<\/div>\n\t\t\t\t\t<\/div>\n\t\t<\/section>\n\t\t\t\t\t<\/div>\n\t\t<\/div>\n\t\t\t\t\t<\/div>\n\t\t<\/section>\n\t\t\t\t<\/div>\n\t\t","protected":false},"excerpt":{"rendered":"<p>Was ist eine abstehende Ohroperation? Eine Operation abstehender Ohren wird in der Regel durchgef\u00fchrt, um die abstehenden Ohren n\u00e4her an den Kopf zu bringen, ihre fehlenden Falten zu formen oder gro\u00dfe Ohren zu verkleinern. Diese Operation wird in der Regel ab einem Alter von 6 Jahren durchgef\u00fchrt. Viele Chirurgen empfehlen Eltern, auf die Gef\u00fchle ihrer [&hellip;]<\/p>\n","protected":false},"author":1,"featured_media":0,"parent":0,"menu_order":0,"comment_status":"closed","ping_status":"closed","template":"","meta":[],"_links":{"self":[{"href":"https:\/\/atillafesli.com\/de\/wp-json\/wp\/v2\/pages\/4687"}],"collection":[{"href":"https:\/\/atillafesli.com\/de\/wp-json\/wp\/v2\/pages"}],"about":[{"href":"https:\/\/atillafesli.com\/de\/wp-json\/wp\/v2\/types\/page"}],"author":[{"embeddable":true,"href":"https:\/\/atillafesli.com\/de\/wp-json\/wp\/v2\/users\/1"}],"replies":[{"embeddable":true,"href":"https:\/\/atillafesli.com\/de\/wp-json\/wp\/v2\/comments?post=4687"}],"version-history":[{"count":0,"href":"https:\/\/atillafesli.com\/de\/wp-json\/wp\/v2\/pages\/4687\/revisions"}],"wp:attachment":[{"href":"https:\/\/atillafesli.com\/de\/wp-json\/wp\/v2\/media?parent=4687"}],"curies":[{"name":"wp","href":"https:\/\/api.w.org\/{rel}","templated":true}]}}