{"id":4725,"date":"2022-10-07T17:28:03","date_gmt":"2022-10-07T14:28:03","guid":{"rendered":"https:\/\/atillafesli.com\/fraktionierte-co2-lasertherapie\/"},"modified":"2023-05-25T11:43:07","modified_gmt":"2023-05-25T08:43:07","slug":"fraktionierte-co2-lasertherapie","status":"publish","type":"page","link":"https:\/\/atillafesli.com\/de\/fraktionierte-co2-lasertherapie\/","title":{"rendered":"Fraktionierte CO2-Lasertherapie"},"content":{"rendered":"\t\t<div data-elementor-type=\"wp-page\" data-elementor-id=\"4725\" class=\"elementor elementor-4725 elementor-678\">\n\t\t\t\t\t\t<section class=\"elementor-section elementor-top-section elementor-element elementor-element-7ca5f1d7 elementor-section-boxed elementor-section-height-default elementor-section-height-default\" data-id=\"7ca5f1d7\" data-element_type=\"section\" data-settings=\"{&quot;background_background&quot;:&quot;classic&quot;,&quot;_ha_eqh_enable&quot;:false}\">\n\t\t\t\t\t\t\t<div class=\"elementor-background-overlay\"><\/div>\n\t\t\t\t\t\t\t<div class=\"elementor-container elementor-column-gap-default\">\n\t\t\t\t\t<div class=\"elementor-column elementor-col-100 elementor-top-column elementor-element elementor-element-749f4d23\" data-id=\"749f4d23\" data-element_type=\"column\">\n\t\t\t<div class=\"elementor-widget-wrap elementor-element-populated\">\n\t\t\t\t\t\t\t<\/div>\n\t\t<\/div>\n\t\t\t\t\t<\/div>\n\t\t<\/section>\n\t\t\t\t<section class=\"elementor-section elementor-top-section elementor-element elementor-element-15581af elementor-section-boxed elementor-section-height-default elementor-section-height-default\" data-id=\"15581af\" data-element_type=\"section\" data-settings=\"{&quot;_ha_eqh_enable&quot;:false}\">\n\t\t\t\t\t\t<div class=\"elementor-container elementor-column-gap-default\">\n\t\t\t\t\t<div class=\"elementor-column elementor-col-50 elementor-top-column elementor-element elementor-element-1dc3751\" data-id=\"1dc3751\" data-element_type=\"column\">\n\t\t\t<div class=\"elementor-widget-wrap elementor-element-populated\">\n\t\t\t\t\t\t<div class=\"elementor-element elementor-element-acbdd94 elementor-widget elementor-widget-text-editor\" data-id=\"acbdd94\" data-element_type=\"widget\" data-widget_type=\"text-editor.default\">\n\t\t\t\t<div class=\"elementor-widget-container\">\n\t\t\t<style>\/*! elementor - v3.23.0 - 25-07-2024 *\/\n.elementor-widget-text-editor.elementor-drop-cap-view-stacked .elementor-drop-cap{background-color:#69727d;color:#fff}.elementor-widget-text-editor.elementor-drop-cap-view-framed .elementor-drop-cap{color:#69727d;border:3px solid;background-color:transparent}.elementor-widget-text-editor:not(.elementor-drop-cap-view-default) .elementor-drop-cap{margin-top:8px}.elementor-widget-text-editor:not(.elementor-drop-cap-view-default) .elementor-drop-cap-letter{width:1em;height:1em}.elementor-widget-text-editor .elementor-drop-cap{float:left;text-align:center;line-height:1;font-size:50px}.elementor-widget-text-editor .elementor-drop-cap-letter{display:inline-block}<\/style>\t\t\t\t<h2 class=\"p2\"><b>Was ist fraktionierte CO2-Lasertherapie? Wie wird es gemacht?<\/b><\/h2>\n<p class=\"p3\">Bei der fraktionierten CO2-Laserbehandlung werden Laserstrahlen in S\u00e4ulen mit winzigem Durchmesser auf die Haut gesendet. Die Strahlen verursachen Hitzesch\u00e4den an der Haut und sorgen f\u00fcr eine Geweberegeneration. Die fraktionierte CO2-Lasertherapie kann aufgrund ihrer langen Wellenl\u00e4nge tief in die Haut eindringen. Die Dicke dieser auf die Haut aufgetragenen Strahls\u00e4ulen und die Mikror\u00e4ume zwischen ihnen werden vom Behandler je nach Behandlung angepasst. Ebenso kann die Anzahl der Durchg\u00e4nge \u00fcber die S\u00e4ulen w\u00e4hrend des Prozesses angepasst werden. Die Dicke der behandelten Haut basiert nicht auf Erfahrung oder Urteilsverm\u00f6gen wie bei Dermabrasion und chemischen Peelings. Die Tiefe, die herabgestiegen ist und ben\u00f6tigt wird, ist mit Sicherheit bekannt. Auf diese Weise ist er bei der Entfernung tiefer Akne, Narben und Falten viel effektiver als andere Laser.<\/p>\n<h3 class=\"p1\"><b>Anwendungsbereiche von fraktioniertem Kohlendioxid (Fco2)-Laser<\/b><\/h3>\n<ul class=\"ul1\">\n<li class=\"li3\">Akne und Aknenarben<\/li>\n<li class=\"li3\">Spotbehandlungen<\/li>\n<li class=\"li3\">Porenverkleinerung<\/li>\n<li class=\"li3\">Wund-, Operations-, Brand-, Rasier- und Nahtnarben<\/li>\n<li class=\"li3\">Beseitigung feiner F\u00e4ltchen im Gesicht, an den Augenlidern, am Hals und am Dekollet\u00e9<\/li>\n<li class=\"li3\">Gesichtsverj\u00fcngung<\/li>\n<li class=\"li3\">Schwangerschafts- und postpartale Dehnungsstreifen<\/li>\n<li class=\"li3\">Entfernung von Muttermalen und Warzenentfernung<\/li>\n<li class=\"li3\">Alter und Sonnenflecken<\/li>\n<li class=\"li3\">Nicht-chirurgische Vaginalstraffung<\/li>\n<li class=\"li3\">Aufhellung der Vagina<\/li>\n<\/ul>\n<h3 class=\"p1\"><b>Wie viele Sitzungen werden mit einem fraktionierten Kohlendioxid-Laser (FCO2) durchgef\u00fchrt?<\/b><\/h3>\n<p class=\"p3\">Je nach Hauttyp, Zustand und anzuwendender Behandlung kann die Dauer zwischen 2 und 4 Sitzungen variieren. Je nach Hautzustand kann auch nur eine einzige Sitzung ausreichend sein. Die Sitzungsintervalle hingegen variieren je nach angewandter Behandlung zwischen 15 Tagen und 1-1,5 Monaten.<\/p>\n<h3 class=\"p1\"><b>Was ist der Heilungsprozess mit fraktioniertem Kohlendioxid (FCO2)-Laser, was ist zu beachten?<\/b><\/h3>\n<p class=\"p3\">Der Eingriff erfolgt durch Auftragen einer Lokalan\u00e4sthesiecreme auf die zu behandelnde Stelle. Am ersten Tag der Anwendung k\u00f6nnen Sie m\u00f6glicherweise ein Brennen und eine starke R\u00f6tung auf Ihrer Haut versp\u00fcren. Der brennende Effekt verschwindet innerhalb von 2-4 Stunden. Starke R\u00f6tungen werden durch braune Krusten ersetzt. Diese Krusten l\u00f6sen sich spontan innerhalb von 10 Tagen und die reparierte und erneuerte Haut erscheint.<\/p>\n<p class=\"p3\">Der wichtigste Punkt in diesem Prozess ist, die Anwendungsbereiche f\u00fcr einen Monat nach dem Eingriff vor der Sonne und sch\u00e4dlichem Licht zu sch\u00fctzen. Ein f\u00fcr Ihren Hauttyp geeigneter Sonnenschutz, der Ihnen empfohlen wird, muss regelm\u00e4\u00dfig und unbedingt verwendet werden.<\/p>\n\t\t\t\t\t\t<\/div>\n\t\t\t\t<\/div>\n\t\t\t\t\t<\/div>\n\t\t<\/div>\n\t\t\t\t<div class=\"elementor-column elementor-col-50 elementor-top-column elementor-element elementor-element-0d779cf\" data-id=\"0d779cf\" data-element_type=\"column\">\n\t\t\t<div class=\"elementor-widget-wrap elementor-element-populated\">\n\t\t\t\t\t\t<section class=\"elementor-section elementor-inner-section elementor-element elementor-element-29238ff elementor-section-boxed elementor-section-height-default elementor-section-height-default\" data-id=\"29238ff\" data-element_type=\"section\" data-settings=\"{&quot;sticky&quot;:&quot;top&quot;,&quot;sticky_offset&quot;:50,&quot;sticky_parent&quot;:&quot;yes&quot;,&quot;_ha_eqh_enable&quot;:false,&quot;sticky_on&quot;:[&quot;desktop&quot;,&quot;tablet&quot;,&quot;mobile&quot;],&quot;sticky_effects_offset&quot;:0}\">\n\t\t\t\t\t\t<div class=\"elementor-container elementor-column-gap-default\">\n\t\t\t\t\t<div class=\"elementor-column elementor-col-100 elementor-inner-column elementor-element elementor-element-162e3c6\" data-id=\"162e3c6\" data-element_type=\"column\" data-settings=\"{&quot;background_background&quot;:&quot;classic&quot;}\">\n\t\t\t<div class=\"elementor-widget-wrap elementor-element-populated\">\n\t\t\t\t\t\t<div class=\"elementor-element elementor-element-01901c7 elementor-widget elementor-widget-heading\" data-id=\"01901c7\" data-element_type=\"widget\" data-widget_type=\"heading.default\">\n\t\t\t\t<div class=\"elementor-widget-container\">\n\t\t\t<style>\/*! elementor - v3.23.0 - 25-07-2024 *\/\n.elementor-heading-title{padding:0;margin:0;line-height:1}.elementor-widget-heading .elementor-heading-title[class*=elementor-size-]>a{color:inherit;font-size:inherit;line-height:inherit}.elementor-widget-heading .elementor-heading-title.elementor-size-small{font-size:15px}.elementor-widget-heading .elementor-heading-title.elementor-size-medium{font-size:19px}.elementor-widget-heading .elementor-heading-title.elementor-size-large{font-size:29px}.elementor-widget-heading .elementor-heading-title.elementor-size-xl{font-size:39px}.elementor-widget-heading .elementor-heading-title.elementor-size-xxl{font-size:59px}<\/style><h2 class=\"elementor-heading-title elementor-size-default\">F\u00fcllen Sie das Formular aus<br>Wir rufen Sie an<\/h2>\t\t<\/div>\n\t\t\t\t<\/div>\n\t\t\t\t<div class=\"elementor-element elementor-element-fb7ea8a elementor-widget elementor-widget-metform\" data-id=\"fb7ea8a\" data-element_type=\"widget\" data-widget_type=\"metform.default\">\n\t\t\t\t<div class=\"elementor-widget-container\">\n\t\t\t<div id=\"mf-response-props-id-300\" data-previous-steps-style=\"\" data-editswitchopen=\"\" data-response_type=\"alert\" data-erroricon=\"fas fa-exclamation-triangle\" data-successicon=\"fas fa-check\" data-messageposition=\"top\" class=\"   mf-scroll-top-no\">\n\t\t<div class=\"formpicker_warper formpicker_warper_editable\" data-metform-formpicker-key=\"300\" >\n\t\t\t\t\n\t\t\t<div class=\"mf-widget-container\">\n\t\t\t\t\r\n\t\t<div\r\n\t\t\tid=\"metform-wrap-fb7ea8a-300\"\r\n\t\t\tclass=\"mf-form-wrapper\"\r\n\t\t\tdata-form-id=\"300\"\r\n\t\t\tdata-action=\"https:\/\/atillafesli.com\/de\/wp-json\/metform\/v1\/entries\/insert\/300\"\r\n\t\t\tdata-wp-nonce=\"50ebf054ec\"\r\n\t\t\tdata-form-nonce=\"ee6b81f9b6\"\r\n\t\t\tdata-quiz-summery = \"false\"\r\n\t\t\tdata-save-progress = \"false\"\r\n\t\t\tdata-form-type=\"contact_form\"\r\n\t\t\tdata-stop-vertical-effect=\"\"\r\n\t\t\t><\/div>\r\n\r\n\r\n\t\t<!----------------------------- \r\n\t\t\t* controls_data : find the the props passed indie of data attribute\r\n\t\t\t* props.SubmitResponseMarkup : contains the markup of error or success message\r\n\t\t\t* https:\/\/developer.mozilla.org\/en-US\/docs\/Web\/JavaScript\/Reference\/Template_literals\r\n\t\t--------------------------- -->\r\n\r\n\t\t\t\t<script type=\"text\/mf\" class=\"mf-template\">\r\n\t\t\tfunction controls_data (value){\r\n\t\t\t\tlet currentWrapper = \"mf-response-props-id-300\";\r\n\t\t\t\tlet currentEl = document.getElementById(currentWrapper);\r\n\t\t\t\t\r\n\t\t\t\treturn currentEl ? currentEl.dataset[value] : false\r\n\t\t\t}\r\n\r\n\r\n\t\t\tlet is_edit_mode = '' ? true : false;\r\n\t\t\tlet message_position = controls_data('messageposition') || 'top';\r\n\r\n\t\t\t\r\n\t\t\tlet message_successIcon = controls_data('successicon') || '';\r\n\t\t\tlet message_errorIcon = controls_data('erroricon') || '';\r\n\t\t\tlet message_editSwitch = controls_data('editswitchopen') === 'yes' ? true : false;\r\n\t\t\tlet message_proClass = controls_data('editswitchopen') === 'yes' ? 'mf_pro_activated' : '';\r\n\t\t\t\r\n\t\t\tlet is_dummy_markup = is_edit_mode && message_editSwitch ? true : false;\r\n\r\n\t\t\t\r\n\t\t\treturn html`\r\n\t\t\t\t<form\r\n\t\t\t\t\tclassName=\"metform-form-content\"\r\n\t\t\t\t\tref=${parent.formContainerRef}\r\n\t\t\t\t\tonSubmit=${ validation.handleSubmit( parent.handleFormSubmit ) }\r\n\t\t\t\t\r\n\t\t\t\t\t>\r\n\t\t\t\r\n\t\t\t\r\n\t\t\t\t\t${is_dummy_markup ? message_position === 'top' ?  props.ResponseDummyMarkup(message_successIcon, message_proClass) : '' : ''}\r\n\t\t\t\t\t${is_dummy_markup ? ' ' :  message_position === 'top' ? props.SubmitResponseMarkup`${parent}${state}${message_successIcon}${message_errorIcon}${message_proClass}` : ''}\r\n\r\n\t\t\t\t\t<!--------------------------------------------------------\r\n\t\t\t\t\t*** IMPORTANT \/ DANGEROUS ***\r\n\t\t\t\t\t${html``} must be used as in immediate child of \"metform-form-main-wrapper\"\r\n\t\t\t\t\tclass otherwise multistep form will not run at all\r\n\t\t\t\t\t---------------------------------------------------------->\r\n\r\n\t\t\t\t\t<div className=\"metform-form-main-wrapper\" key=${'hide-form-after-submit'} ref=${parent.formRef}>\r\n\t\t\t\t\t${html`\r\n\t\t\t\t\t\t\t\t<div data-elementor-type=\"wp-post\" key=\"2\" data-elementor-id=\"300\" className=\"elementor elementor-300\">\n\t\t\t\t\t\t<section className=\"elementor-section elementor-top-section elementor-element elementor-element-cb3b9ec elementor-section-boxed elementor-section-height-default elementor-section-height-default\" data-id=\"cb3b9ec\" data-element_type=\"section\" data-settings=\"{&quot;background_background&quot;:&quot;classic&quot;,&quot;_ha_eqh_enable&quot;:false}\">\n\t\t\t\t\t\t<div className=\"elementor-container elementor-column-gap-no\">\n\t\t\t\t\t<div className=\"elementor-column elementor-col-100 elementor-top-column elementor-element elementor-element-39a098c\" data-id=\"39a098c\" data-element_type=\"column\">\n\t\t\t<div className=\"elementor-widget-wrap elementor-element-populated\">\n\t\t\t\t\t\t<div className=\"elementor-element elementor-element-222587a elementor-widget elementor-widget-mf-text\" data-id=\"222587a\" data-element_type=\"widget\" data-settings=\"{&quot;mf_input_name&quot;:&quot;isim-soyisim&quot;}\" data-widget_type=\"mf-text.default\">\n\t\t\t\t<div className=\"elementor-widget-container\">\n\t\t\t\r\n\t\t<div className=\"mf-input-wrapper\">\r\n\t\t\t\r\n\t\t\t<input\r\n\t\t\t\ttype=\"text\"\r\n\t\t\t\tclassName=\"mf-input mf-conditional-input\"\r\n\t\t\t\tid=\"mf-input-text-222587a\"\r\n\t\t\t\tname=\"isim-soyisim\"\r\n\t\t\t\tplaceholder=\"${ parent.decodeEntities(`\u0130sim ve Soyisim`) } \"\r\n\t\t\t\t\t\t\t\t\tonInput=${parent.handleChange}\r\n\t\t\t\t\tonBlur=${parent.handleChange}\r\n\t\t\t\t\taria-invalid=${validation.errors['isim-soyisim'] ? 'true' : 'false'}\r\n\t\t\t\t\tref=${el =>{\r\n\t\t\t\t\t\t\t\t\t\t\t\tparent.activateValidation({\"message\":\"Bu alan zorunludur.\",\"minLength\":3,\"maxLength\":\"\",\"type\":\"by_character_length\",\"required\":true,\"expression\":\"null\"}, el)\r\n\t\t\t\t\t}}\r\n\t\t\t\t\t\t\t\t\/>\r\n\r\n\t\t\t\t\t\t\t<${validation.ErrorMessage}\r\n\t\t\t\t\terrors=${validation.errors}\r\n\t\t\t\t\tname=\"isim-soyisim\"\r\n\t\t\t\t\tas=${html`<span className=\"mf-error-message\"><\/span>`}\r\n\t\t\t\t\t\/>\r\n\t\t\t\r\n\t\t\t\t\t<\/div>\r\n\r\n\t\t\t\t<\/div>\n\t\t\t\t<\/div>\n\t\t\t\t<div className=\"elementor-element elementor-element-0173163 elementor-widget elementor-widget-mf-email\" data-id=\"0173163\" data-element_type=\"widget\" data-settings=\"{&quot;mf_input_name&quot;:&quot;eposta&quot;}\" data-widget_type=\"mf-email.default\">\n\t\t\t\t<div className=\"elementor-widget-container\">\n\t\t\t\r\n\t\t<div className=\"mf-input-wrapper\">\r\n\t\t\t\r\n\t\t\t<input \r\n\t\t\t\ttype=\"email\" \r\n\t\t\t\t \r\n\t\t\t\tdefaultValue=\"\" \r\n\t\t\t\tclassName=\"mf-input mf-conditional-input\" \r\n\t\t\t\tid=\"mf-input-email-0173163\" \r\n\t\t\t\tname=\"eposta\" \r\n\t\t\t\tplaceholder=\"${ parent.decodeEntities(`E-Posta Adresiniz`) } \" \r\n\t\t\t\t \r\n\t\t\t\tonBlur=${parent.handleChange} onFocus=${parent.handleChange} aria-invalid=${validation.errors['eposta'] ? 'true' : 'false' } \r\n\t\t\t\tref=${el=> parent.activateValidation({\"message\":\"Bu alan zorunludur.\",\"emailMessage\":\"Please enter a valid Email address\",\"minLength\":1,\"maxLength\":\"\",\"type\":\"by_expresssion_based\",\"required\":false,\"expression\":\"@\"}, el)}\r\n\t\t\t\t\t\t\t\/>\r\n\r\n\t\t\t\t\t\t<${validation.ErrorMessage} \r\n\t\t\t\terrors=${validation.errors} \r\n\t\t\t\tname=\"eposta\" \r\n\t\t\t\tas=${html`<span className=\"mf-error-message\"><\/span>`}\r\n\t\t\t\/>\r\n\t\t\t\r\n\t\t\t\t\t<\/div>\r\n\r\n\t\t<\/div>\n\t\t\t\t<\/div>\n\t\t\t\t<div className=\"elementor-element elementor-element-5a7be2c elementor-widget elementor-widget-mf-textarea\" data-id=\"5a7be2c\" data-element_type=\"widget\" data-settings=\"{&quot;mf_input_name&quot;:&quot;mesaj&quot;}\" data-widget_type=\"mf-textarea.default\">\n\t\t\t\t<div className=\"elementor-widget-container\">\n\t\t\t\r\n\t\t<div className=\"mf-input-wrapper\">\r\n\t\t\t\r\n\t\t\t<textarea className=\"mf-input mf-textarea mf-conditional-input\" id=\"mf-input-text-area-5a7be2c\"\r\n\t\t\t\tname=\"mesaj\" \r\n\t\t\t\tplaceholder=\"${ parent.decodeEntities(`Mesaj\u0131n\u0131z`) } \"\r\n\t\t\t\tcols=\"30\" rows=\"10\"\r\n\t\t\t\t\t\t\t\t\tonInput=${ parent.handleChange }\r\n\t\t\t\t\taria-invalid=${validation.errors['mesaj'] ? 'true' : 'false'}\r\n\t\t\t\t\tref=${ el => parent.activateValidation({\"message\":\"This field is required.\",\"minLength\":1,\"maxLength\":\"\",\"type\":\"none\",\"required\":false,\"expression\":\"null\"}, el)}\r\n\t\t\t\t\t\t\t\t><\/textarea>\r\n\r\n\t\t\t\t\t\t\t<${validation.ErrorMessage}\r\n\t\t\t\t\terrors=${validation.errors}\r\n\t\t\t\t\tname=\"mesaj\"\r\n\t\t\t\t\tas=${html`<span className=\"mf-error-message\"><\/span>`}\r\n\t\t\t\t\t\/>\r\n\t\t\t\t\t\t\t\t<\/div>\r\n\r\n\t\t\t\t<\/div>\n\t\t\t\t<\/div>\n\t\t\t\t<div className=\"elementor-element elementor-element-eb25096 mf-btn--justify mf-btn--mobile-justify elementor-widget elementor-widget-mf-button\" data-id=\"eb25096\" data-element_type=\"widget\" data-widget_type=\"mf-button.default\">\n\t\t\t\t<div className=\"elementor-widget-container\">\n\t\t\t\t\t<div className=\"mf-btn-wraper mf-conditional-input\" data-mf-form-conditional-logic-requirement=\"\">\r\n\t\t\t\t\t\t\t<button type=\"submit\" className=\"metform-btn metform-submit-btn \" id=\"\">\r\n\t\t\t\t\t<span>${ parent.decodeEntities(`G\u00d6NDER`) } <\/span>\r\n\t\t\t\t<\/button>\r\n\t\t\t        <\/div>\r\n        \t\t<\/div>\n\t\t\t\t<\/div>\n\t\t\t\t\t<\/div>\n\t\t<\/div>\n\t\t\t\t\t<\/div>\n\t\t<\/section>\n\t\t\t\t<\/div>\n\t\t\t\t\t\t\t`}\r\n\t\t\t\t\t<\/div>\r\n\r\n\t\t\t\t\t${is_dummy_markup ? message_position === 'bottom' ? props.ResponseDummyMarkup(message_successIcon, message_proClass) : '' : ''}\r\n\t\t\t\t\t${is_dummy_markup ? ' ' : message_position === 'bottom' ? props.SubmitResponseMarkup`${parent}${state}${message_successIcon}${message_errorIcon}${message_proClass}` : ''}\r\n\t\t\t\t\r\n\t\t\t\t<\/form>\r\n\t\t\t`\r\n\t\t<\/script>\r\n\r\n\t\t\t\t\t<\/div>\n\t\t<\/div>\n\t\t<\/div>\t\t<\/div>\n\t\t\t\t<\/div>\n\t\t\t\t\t<\/div>\n\t\t<\/div>\n\t\t\t\t\t<\/div>\n\t\t<\/section>\n\t\t\t\t\t<\/div>\n\t\t<\/div>\n\t\t\t\t\t<\/div>\n\t\t<\/section>\n\t\t\t\t<section class=\"elementor-section elementor-top-section elementor-element elementor-element-03508ff elementor-section-boxed elementor-section-height-default elementor-section-height-default\" data-id=\"03508ff\" data-element_type=\"section\" data-settings=\"{&quot;background_background&quot;:&quot;classic&quot;,&quot;_ha_eqh_enable&quot;:false}\">\n\t\t\t\t\t\t\t<div class=\"elementor-background-overlay\"><\/div>\n\t\t\t\t\t\t\t<div class=\"elementor-container elementor-column-gap-default\">\n\t\t\t\t\t<div class=\"elementor-column elementor-col-100 elementor-top-column elementor-element elementor-element-8989572\" data-id=\"8989572\" data-element_type=\"column\">\n\t\t\t<div class=\"elementor-widget-wrap elementor-element-populated\">\n\t\t\t\t\t\t<div class=\"elementor-element elementor-element-23c63b5 elementor-widget elementor-widget-heading\" data-id=\"23c63b5\" data-element_type=\"widget\" data-widget_type=\"heading.default\">\n\t\t\t\t<div class=\"elementor-widget-container\">\n\t\t\t<h2 class=\"elementor-heading-title elementor-size-default\">Vereinbaren Sie ganz einfach einen Termin<\/h2>\t\t<\/div>\n\t\t\t\t<\/div>\n\t\t\t\t<section class=\"elementor-section elementor-inner-section elementor-element elementor-element-b90b742 elementor-section-boxed elementor-section-height-default elementor-section-height-default\" data-id=\"b90b742\" data-element_type=\"section\" data-settings=\"{&quot;_ha_eqh_enable&quot;:false}\">\n\t\t\t\t\t\t<div class=\"elementor-container elementor-column-gap-default\">\n\t\t\t\t\t<div class=\"elementor-column elementor-col-50 elementor-inner-column elementor-element elementor-element-95acc81\" data-id=\"95acc81\" data-element_type=\"column\">\n\t\t\t<div class=\"elementor-widget-wrap elementor-element-populated\">\n\t\t\t\t\t\t<div class=\"elementor-element elementor-element-ffe667a elementor-align-right elementor-mobile-align-justify elementor-widget elementor-widget-button\" data-id=\"ffe667a\" data-element_type=\"widget\" data-widget_type=\"button.default\">\n\t\t\t\t<div class=\"elementor-widget-container\">\n\t\t\t\t\t<div class=\"elementor-button-wrapper\">\n\t\t\t<a class=\"elementor-button elementor-button-link elementor-size-xl\" href=\"https:\/\/api.whatsapp.com\/send?phone=905058254320\" target=\"_blank\" rel=\"noopener\">\n\t\t\t\t\t\t<span class=\"elementor-button-content-wrapper\">\n\t\t\t\t\t\t<span class=\"elementor-button-icon\">\n\t\t\t\t<i aria-hidden=\"true\" class=\"fab fa-whatsapp\"><\/i>\t\t\t<\/span>\n\t\t\t\t\t\t\t\t\t<span class=\"elementor-button-text\">Whatsapp<\/span>\n\t\t\t\t\t<\/span>\n\t\t\t\t\t<\/a>\n\t\t<\/div>\n\t\t\t\t<\/div>\n\t\t\t\t<\/div>\n\t\t\t\t\t<\/div>\n\t\t<\/div>\n\t\t\t\t<div class=\"elementor-column elementor-col-50 elementor-inner-column elementor-element elementor-element-faa0b92\" data-id=\"faa0b92\" data-element_type=\"column\">\n\t\t\t<div class=\"elementor-widget-wrap elementor-element-populated\">\n\t\t\t\t\t\t<div class=\"elementor-element elementor-element-fd87a3f elementor-align-left elementor-mobile-align-justify elementor-widget elementor-widget-button\" data-id=\"fd87a3f\" data-element_type=\"widget\" data-widget_type=\"button.default\">\n\t\t\t\t<div class=\"elementor-widget-container\">\n\t\t\t\t\t<div class=\"elementor-button-wrapper\">\n\t\t\t<a class=\"elementor-button elementor-button-link elementor-size-xl\" href=\"https:\/\/atillafesli.com\/iletisim\/\">\n\t\t\t\t\t\t<span class=\"elementor-button-content-wrapper\">\n\t\t\t\t\t\t<span class=\"elementor-button-icon\">\n\t\t\t\t<i aria-hidden=\"true\" class=\"fas fa-phone-alt\"><\/i>\t\t\t<\/span>\n\t\t\t\t\t\t\t\t\t<span class=\"elementor-button-text\">Kontakt<\/span>\n\t\t\t\t\t<\/span>\n\t\t\t\t\t<\/a>\n\t\t<\/div>\n\t\t\t\t<\/div>\n\t\t\t\t<\/div>\n\t\t\t\t\t<\/div>\n\t\t<\/div>\n\t\t\t\t\t<\/div>\n\t\t<\/section>\n\t\t\t\t\t<\/div>\n\t\t<\/div>\n\t\t\t\t\t<\/div>\n\t\t<\/section>\n\t\t\t\t<\/div>\n\t\t","protected":false},"excerpt":{"rendered":"<p>Was ist fraktionierte CO2-Lasertherapie? Wie wird es gemacht? Bei der fraktionierten CO2-Laserbehandlung werden Laserstrahlen in S\u00e4ulen mit winzigem Durchmesser auf die Haut gesendet. Die Strahlen verursachen Hitzesch\u00e4den an der Haut und sorgen f\u00fcr eine Geweberegeneration. Die fraktionierte CO2-Lasertherapie kann aufgrund ihrer langen Wellenl\u00e4nge tief in die Haut eindringen. Die Dicke dieser auf die Haut aufgetragenen [&hellip;]<\/p>\n","protected":false},"author":1,"featured_media":0,"parent":0,"menu_order":0,"comment_status":"closed","ping_status":"closed","template":"","meta":[],"_links":{"self":[{"href":"https:\/\/atillafesli.com\/de\/wp-json\/wp\/v2\/pages\/4725"}],"collection":[{"href":"https:\/\/atillafesli.com\/de\/wp-json\/wp\/v2\/pages"}],"about":[{"href":"https:\/\/atillafesli.com\/de\/wp-json\/wp\/v2\/types\/page"}],"author":[{"embeddable":true,"href":"https:\/\/atillafesli.com\/de\/wp-json\/wp\/v2\/users\/1"}],"replies":[{"embeddable":true,"href":"https:\/\/atillafesli.com\/de\/wp-json\/wp\/v2\/comments?post=4725"}],"version-history":[{"count":0,"href":"https:\/\/atillafesli.com\/de\/wp-json\/wp\/v2\/pages\/4725\/revisions"}],"wp:attachment":[{"href":"https:\/\/atillafesli.com\/de\/wp-json\/wp\/v2\/media?parent=4725"}],"curies":[{"name":"wp","href":"https:\/\/api.w.org\/{rel}","templated":true}]}}